{"id":7247,"date":"2025-01-31T11:28:07","date_gmt":"2025-01-31T11:28:07","guid":{"rendered":"https:\/\/spd.rs\/?page_id=7247"},"modified":"2025-01-31T15:03:11","modified_gmt":"2025-01-31T15:03:11","slug":"ocuvanje-i-unapredjenje-prirode","status":"publish","type":"page","link":"https:\/\/spd.rs\/en\/usluge\/ocuvanje-i-unapredjenje-prirode\/","title":{"rendered":"O\u010duvanje i unapre\u0111enje prirode"},"content":{"rendered":"<div data-elementor-type=\"wp-post\" data-elementor-id=\"7247\" class=\"elementor elementor-7247\" data-elementor-settings=\"{&quot;ha_cmc_init_switcher&quot;:&quot;no&quot;}\">\n\t\t\t\t<div class=\"elementor-element elementor-element-ecdc542 e-flex e-con-boxed e-con e-parent\" data-id=\"ecdc542\" data-element_type=\"container\" data-settings=\"{&quot;background_background&quot;:&quot;classic&quot;,&quot;_ha_eqh_enable&quot;:false}\">\n\t\t\t\t\t<div class=\"e-con-inner\">\n\t\t<div class=\"elementor-element elementor-element-341f31e e-con-full e-flex e-con e-child\" data-id=\"341f31e\" data-element_type=\"container\" data-settings=\"{&quot;_ha_eqh_enable&quot;:false}\">\n\t\t\t\t<\/div>\n\t\t\t\t\t<\/div>\n\t\t\t\t<\/div>\n\t\t<div class=\"elementor-element elementor-element-1ea260a e-flex e-con-boxed e-con e-parent\" data-id=\"1ea260a\" data-element_type=\"container\" data-settings=\"{&quot;_ha_eqh_enable&quot;:false}\">\n\t\t\t\t\t<div class=\"e-con-inner\">\n\t\t<div class=\"elementor-element elementor-element-53e9612 e-con-full e-flex e-con e-child\" data-id=\"53e9612\" data-element_type=\"container\" data-settings=\"{&quot;_ha_eqh_enable&quot;:false}\">\n\t\t\t\t<div class=\"elementor-element elementor-element-7179047 elementor-widget elementor-widget-heading\" data-id=\"7179047\" data-element_type=\"widget\" data-widget_type=\"heading.default\">\n\t\t\t\t<div class=\"elementor-widget-container\">\n\t\t\t\t\t<h2 class=\"elementor-heading-title elementor-size-default\">O\u010duvanje i unapre\u0111enje prirode<\/h2>\t\t\t\t<\/div>\n\t\t\t\t<\/div>\n\t\t\t\t<\/div>\n\t\t\t\t\t<\/div>\n\t\t\t\t<\/div>\n\t\t<div class=\"elementor-element elementor-element-763a77a e-flex e-con-boxed e-con e-parent\" data-id=\"763a77a\" data-element_type=\"container\" data-settings=\"{&quot;_ha_eqh_enable&quot;:false}\">\n\t\t\t\t\t<div class=\"e-con-inner\">\n\t\t<div class=\"elementor-element elementor-element-b19ea39 e-con-full e-flex e-con e-child\" data-id=\"b19ea39\" data-element_type=\"container\" data-settings=\"{&quot;_ha_eqh_enable&quot;:false}\">\n\t\t\t\t<div class=\"elementor-element elementor-element-f99f203 elementor-widget elementor-widget-image\" data-id=\"f99f203\" data-element_type=\"widget\" data-widget_type=\"image.default\">\n\t\t\t\t<div class=\"elementor-widget-container\">\n\t\t\t\t\t\t\t\t\t\t\t\t\t\t\t<img fetchpriority=\"high\" decoding=\"async\" width=\"1024\" height=\"1024\" src=\"https:\/\/spd.rs\/wp-content\/uploads\/2024\/10\/Hiking-tour-6-1024x1024.jpg\" class=\"attachment-large size-large wp-image-2274\" alt=\"\" srcset=\"https:\/\/spd.rs\/wp-content\/uploads\/2024\/10\/Hiking-tour-6-1024x1024.jpg 1024w, https:\/\/spd.rs\/wp-content\/uploads\/2024\/10\/Hiking-tour-6-300x300.jpg 300w, https:\/\/spd.rs\/wp-content\/uploads\/2024\/10\/Hiking-tour-6-150x150.jpg 150w, https:\/\/spd.rs\/wp-content\/uploads\/2024\/10\/Hiking-tour-6-768x768.jpg 768w, https:\/\/spd.rs\/wp-content\/uploads\/2024\/10\/Hiking-tour-6-12x12.jpg 12w, https:\/\/spd.rs\/wp-content\/uploads\/2024\/10\/Hiking-tour-6.jpg 1080w\" sizes=\"(max-width: 1024px) 100vw, 1024px\" \/>\t\t\t\t\t\t\t\t\t\t\t\t\t\t\t<\/div>\n\t\t\t\t<\/div>\n\t\t\t\t<div class=\"elementor-element elementor-element-d1c18d2 elementor-widget elementor-widget-image-box\" data-id=\"d1c18d2\" data-element_type=\"widget\" data-widget_type=\"image-box.default\">\n\t\t\t\t<div class=\"elementor-widget-container\">\n\t\t\t\t\t<div class=\"elementor-image-box-wrapper\"><div class=\"elementor-image-box-content\"><h5 class=\"elementor-image-box-title\">Izdava\u010dka delatnost<\/h5><\/div><\/div>\t\t\t\t<\/div>\n\t\t\t\t<\/div>\n\t\t\t\t<\/div>\n\t\t<div class=\"elementor-element elementor-element-ec35598 e-con-full e-flex e-con e-child\" data-id=\"ec35598\" data-element_type=\"container\" data-settings=\"{&quot;_ha_eqh_enable&quot;:false}\">\n\t\t\t\t<div class=\"elementor-element elementor-element-2d2b862 elementor-widget elementor-widget-image\" data-id=\"2d2b862\" data-element_type=\"widget\" data-widget_type=\"image.default\">\n\t\t\t\t<div class=\"elementor-widget-container\">\n\t\t\t\t\t\t\t\t\t\t\t\t\t\t\t<img decoding=\"async\" width=\"1024\" height=\"1024\" src=\"https:\/\/spd.rs\/wp-content\/uploads\/2024\/10\/2-1024x1024.jpg\" class=\"attachment-large size-large wp-image-2281\" alt=\"\" srcset=\"https:\/\/spd.rs\/wp-content\/uploads\/2024\/10\/2-1024x1024.jpg 1024w, https:\/\/spd.rs\/wp-content\/uploads\/2024\/10\/2-300x300.jpg 300w, https:\/\/spd.rs\/wp-content\/uploads\/2024\/10\/2-150x150.jpg 150w, https:\/\/spd.rs\/wp-content\/uploads\/2024\/10\/2-768x768.jpg 768w, https:\/\/spd.rs\/wp-content\/uploads\/2024\/10\/2-12x12.jpg 12w, https:\/\/spd.rs\/wp-content\/uploads\/2024\/10\/2.jpg 1080w\" sizes=\"(max-width: 1024px) 100vw, 1024px\" \/>\t\t\t\t\t\t\t\t\t\t\t\t\t\t\t<\/div>\n\t\t\t\t<\/div>\n\t\t\t\t<div class=\"elementor-element elementor-element-fa4c287 elementor-widget elementor-widget-image-box\" data-id=\"fa4c287\" data-element_type=\"widget\" data-widget_type=\"image-box.default\">\n\t\t\t\t<div class=\"elementor-widget-container\">\n\t\t\t\t\t<div class=\"elementor-image-box-wrapper\"><div class=\"elementor-image-box-content\"><h5 class=\"elementor-image-box-title\">Kinematografija<\/h5><\/div><\/div>\t\t\t\t<\/div>\n\t\t\t\t<\/div>\n\t\t\t\t<\/div>\n\t\t\t\t\t<\/div>\n\t\t\t\t<\/div>\n\t\t<div class=\"elementor-element elementor-element-5ce4035 e-flex e-con-boxed e-con e-parent\" data-id=\"5ce4035\" data-element_type=\"container\" data-settings=\"{&quot;_ha_eqh_enable&quot;:false}\">\n\t\t\t\t\t<div class=\"e-con-inner\">\n\t\t<div class=\"elementor-element elementor-element-a722f70 e-con-full e-flex e-con e-child\" data-id=\"a722f70\" data-element_type=\"container\" data-settings=\"{&quot;_ha_eqh_enable&quot;:false}\">\n\t\t\t\t<div class=\"elementor-element elementor-element-07df97f elementor-widget elementor-widget-image\" data-id=\"07df97f\" data-element_type=\"widget\" data-widget_type=\"image.default\">\n\t\t\t\t<div class=\"elementor-widget-container\">\n\t\t\t\t\t\t\t\t\t\t\t\t\t\t\t<img decoding=\"async\" width=\"1024\" height=\"1024\" src=\"https:\/\/spd.rs\/wp-content\/uploads\/2024\/10\/Hiking-tour-5-1024x1024.jpg\" class=\"attachment-large size-large wp-image-2270\" alt=\"\" srcset=\"https:\/\/spd.rs\/wp-content\/uploads\/2024\/10\/Hiking-tour-5-1024x1024.jpg 1024w, https:\/\/spd.rs\/wp-content\/uploads\/2024\/10\/Hiking-tour-5-300x300.jpg 300w, https:\/\/spd.rs\/wp-content\/uploads\/2024\/10\/Hiking-tour-5-150x150.jpg 150w, https:\/\/spd.rs\/wp-content\/uploads\/2024\/10\/Hiking-tour-5-768x768.jpg 768w, https:\/\/spd.rs\/wp-content\/uploads\/2024\/10\/Hiking-tour-5-12x12.jpg 12w, https:\/\/spd.rs\/wp-content\/uploads\/2024\/10\/Hiking-tour-5.jpg 1080w\" sizes=\"(max-width: 1024px) 100vw, 1024px\" \/>\t\t\t\t\t\t\t\t\t\t\t\t\t\t\t<\/div>\n\t\t\t\t<\/div>\n\t\t\t\t<div class=\"elementor-element elementor-element-da03def elementor-widget elementor-widget-image-box\" data-id=\"da03def\" data-element_type=\"widget\" data-widget_type=\"image-box.default\">\n\t\t\t\t<div class=\"elementor-widget-container\">\n\t\t\t\t\t<div class=\"elementor-image-box-wrapper\"><div class=\"elementor-image-box-content\"><h5 class=\"elementor-image-box-title\">Digitalne mape<\/h5><\/div><\/div>\t\t\t\t<\/div>\n\t\t\t\t<\/div>\n\t\t\t\t<\/div>\n\t\t<div class=\"elementor-element elementor-element-78f6d94 e-con-full e-flex e-con e-child\" data-id=\"78f6d94\" data-element_type=\"container\" data-settings=\"{&quot;_ha_eqh_enable&quot;:false}\">\n\t\t\t\t<div class=\"elementor-element elementor-element-4befabd elementor-widget elementor-widget-image\" data-id=\"4befabd\" data-element_type=\"widget\" data-widget_type=\"image.default\">\n\t\t\t\t<div class=\"elementor-widget-container\">\n\t\t\t\t\t\t\t\t\t\t\t\t\t\t\t<img loading=\"lazy\" decoding=\"async\" width=\"1024\" height=\"1024\" src=\"https:\/\/spd.rs\/wp-content\/uploads\/2024\/10\/Hiking-tour-11-1024x1024.jpg\" class=\"attachment-large size-large wp-image-2300\" alt=\"\" srcset=\"https:\/\/spd.rs\/wp-content\/uploads\/2024\/10\/Hiking-tour-11-1024x1024.jpg 1024w, https:\/\/spd.rs\/wp-content\/uploads\/2024\/10\/Hiking-tour-11-300x300.jpg 300w, https:\/\/spd.rs\/wp-content\/uploads\/2024\/10\/Hiking-tour-11-150x150.jpg 150w, https:\/\/spd.rs\/wp-content\/uploads\/2024\/10\/Hiking-tour-11-768x768.jpg 768w, https:\/\/spd.rs\/wp-content\/uploads\/2024\/10\/Hiking-tour-11-12x12.jpg 12w, https:\/\/spd.rs\/wp-content\/uploads\/2024\/10\/Hiking-tour-11.jpg 1080w\" sizes=\"(max-width: 1024px) 100vw, 1024px\" \/>\t\t\t\t\t\t\t\t\t\t\t\t\t\t\t<\/div>\n\t\t\t\t<\/div>\n\t\t\t\t<div class=\"elementor-element elementor-element-03e1dc6 elementor-widget elementor-widget-image-box\" data-id=\"03e1dc6\" data-element_type=\"widget\" data-widget_type=\"image-box.default\">\n\t\t\t\t<div class=\"elementor-widget-container\">\n\t\t\t\t\t<div class=\"elementor-image-box-wrapper\"><div class=\"elementor-image-box-content\"><h5 class=\"elementor-image-box-title\">O\u010duvanje i unapre\u0111enje prirode <\/h5><\/div><\/div>\t\t\t\t<\/div>\n\t\t\t\t<\/div>\n\t\t\t\t<\/div>\n\t\t\t\t\t<\/div>\n\t\t\t\t<\/div>\n\t\t\t\t<\/div>","protected":false},"excerpt":{"rendered":"<p>O\u010duvanje i unapre\u0111enje prirode Izdava\u010dka delatnost Kinematografija Digitalne mape O\u010duvanje i unapre\u0111enje prirode<\/p>","protected":false},"author":1,"featured_media":0,"parent":542,"menu_order":0,"comment_status":"closed","ping_status":"closed","template":"","meta":{"site-sidebar-layout":"no-sidebar","site-content-layout":"page-builder","ast-site-content-layout":"full-width-container","site-content-style":"unboxed","site-sidebar-style":"unboxed","ast-global-header-display":"","ast-banner-title-visibility":"","ast-main-header-display":"","ast-hfb-above-header-display":"","ast-hfb-below-header-display":"","ast-hfb-mobile-header-display":"","site-post-title":"disabled","ast-breadcrumbs-content":"","ast-featured-img":"disabled","footer-sml-layout":"","theme-transparent-header-meta":"enabled","adv-header-id-meta":"","stick-header-meta":"","header-above-stick-meta":"","header-main-stick-meta":"","header-below-stick-meta":"","astra-migrate-meta-layouts":"set","ast-page-background-enabled":"default","ast-page-background-meta":{"desktop":{"background-color":"","background-image":"","background-repeat":"repeat","background-position":"center center","background-size":"auto","background-attachment":"scroll","background-type":"","background-media":"","overlay-type":"","overlay-color":"","overlay-opacity":"","overlay-gradient":""},"tablet":{"background-color":"","background-image":"","background-repeat":"repeat","background-position":"center center","background-size":"auto","background-attachment":"scroll","background-type":"","background-media":"","overlay-type":"","overlay-color":"","overlay-opacity":"","overlay-gradient":""},"mobile":{"background-color":"","background-image":"","background-repeat":"repeat","background-position":"center center","background-size":"auto","background-attachment":"scroll","background-type":"","background-media":"","overlay-type":"","overlay-color":"","overlay-opacity":"","overlay-gradient":""}},"ast-content-background-meta":{"desktop":{"background-color":"var(--ast-global-color-5)","background-image":"","background-repeat":"repeat","background-position":"center center","background-size":"auto","background-attachment":"scroll","background-type":"","background-media":"","overlay-type":"","overlay-color":"","overlay-opacity":"","overlay-gradient":""},"tablet":{"background-color":"var(--ast-global-color-5)","background-image":"","background-repeat":"repeat","background-position":"center center","background-size":"auto","background-attachment":"scroll","background-type":"","background-media":"","overlay-type":"","overlay-color":"","overlay-opacity":"","overlay-gradient":""},"mobile":{"background-color":"var(--ast-global-color-5)","background-image":"","background-repeat":"repeat","background-position":"center center","background-size":"auto","background-attachment":"scroll","background-type":"","background-media":"","overlay-type":"","overlay-color":"","overlay-opacity":"","overlay-gradient":""}},"footnotes":""},"class_list":["post-7247","page","type-page","status-publish","hentry"],"_links":{"self":[{"href":"https:\/\/spd.rs\/en\/wp-json\/wp\/v2\/pages\/7247","targetHints":{"allow":["GET"]}}],"collection":[{"href":"https:\/\/spd.rs\/en\/wp-json\/wp\/v2\/pages"}],"about":[{"href":"https:\/\/spd.rs\/en\/wp-json\/wp\/v2\/types\/page"}],"author":[{"embeddable":true,"href":"https:\/\/spd.rs\/en\/wp-json\/wp\/v2\/users\/1"}],"replies":[{"embeddable":true,"href":"https:\/\/spd.rs\/en\/wp-json\/wp\/v2\/comments?post=7247"}],"version-history":[{"count":4,"href":"https:\/\/spd.rs\/en\/wp-json\/wp\/v2\/pages\/7247\/revisions"}],"predecessor-version":[{"id":7251,"href":"https:\/\/spd.rs\/en\/wp-json\/wp\/v2\/pages\/7247\/revisions\/7251"}],"up":[{"embeddable":true,"href":"https:\/\/spd.rs\/en\/wp-json\/wp\/v2\/pages\/542"}],"wp:attachment":[{"href":"https:\/\/spd.rs\/en\/wp-json\/wp\/v2\/media?parent=7247"}],"curies":[{"name":"wp","href":"https:\/\/api.w.org\/{rel}","templated":true}]}}