{"id":2768,"date":"2024-10-22T14:17:53","date_gmt":"2024-10-22T14:17:53","guid":{"rendered":"https:\/\/spd.rs\/?page_id=2768"},"modified":"2025-01-29T17:35:04","modified_gmt":"2025-01-29T17:35:04","slug":"entiteti-reke","status":"publish","type":"page","link":"https:\/\/spd.rs\/en\/entiteti-reke\/","title":{"rendered":"Entiteti &#8211; Reke"},"content":{"rendered":"<div data-elementor-type=\"wp-post\" data-elementor-id=\"2768\" class=\"elementor elementor-2768\" data-elementor-settings=\"{&quot;ha_cmc_init_switcher&quot;:&quot;no&quot;}\">\n\t\t\t\t<div class=\"elementor-element elementor-element-36e4911 e-flex e-con-boxed e-con e-parent\" data-id=\"36e4911\" data-element_type=\"container\" data-settings=\"{&quot;background_background&quot;:&quot;classic&quot;,&quot;_ha_eqh_enable&quot;:false}\">\n\t\t\t\t\t<div class=\"e-con-inner\">\n\t\t<div class=\"elementor-element elementor-element-37ceb8c e-con-full e-flex e-con e-child\" data-id=\"37ceb8c\" data-element_type=\"container\">\n\t\t\t\t<div class=\"elementor-element elementor-element-7aa1a4d elementor-widget elementor-widget-heading\" data-id=\"7aa1a4d\" data-element_type=\"widget\" data-widget_type=\"heading.default\">\n\t\t\t\t<div class=\"elementor-widget-container\">\n\t\t\t\t\t<h1 class=\"elementor-heading-title elementor-size-default\">Reke Srbije<\/h1>\t\t\t\t<\/div>\n\t\t\t\t<\/div>\n\t\t\t\t<\/div>\n\t\t\t\t\t<\/div>\n\t\t\t\t<\/div>\n\t\t<div class=\"elementor-element elementor-element-e1ede2b e-flex e-con-boxed e-con e-parent\" data-id=\"e1ede2b\" data-element_type=\"container\" data-settings=\"{&quot;_ha_eqh_enable&quot;:false}\">\n\t\t\t\t\t<div class=\"e-con-inner\">\n\t\t\t\t<div class=\"elementor-element elementor-element-9207098 elementor-widget elementor-widget-heading\" data-id=\"9207098\" data-element_type=\"widget\" data-widget_type=\"heading.default\">\n\t\t\t\t<div class=\"elementor-widget-container\">\n\t\t\t\t\t<h2 class=\"elementor-heading-title elementor-size-default\">Abecedna lista reka Srbije<\/h2>\t\t\t\t<\/div>\n\t\t\t\t<\/div>\n\t\t\t\t<div class=\"elementor-element elementor-element-d8d2d18 elementor-widget elementor-widget-jkit_post_list\" data-id=\"d8d2d18\" data-element_type=\"widget\" data-widget_type=\"jkit_post_list.default\">\n\t\t\t\t<div class=\"elementor-widget-container\">\n\t\t\t\t\t<div  class=\"jeg-elementor-kit jkit-postlist layout-vertical post-element jkit-pagination-disable jeg_module___6a025befde5c6\"  data-id=\"jeg_module___6a025befde5c6\" data-settings=\"{&quot;post_type&quot;:&quot;post&quot;,&quot;number_post&quot;:{&quot;unit&quot;:&quot;px&quot;,&quot;size&quot;:1000,&quot;sizes&quot;:[]},&quot;post_offset&quot;:0,&quot;unique_content&quot;:&quot;disable&quot;,&quot;include_post&quot;:&quot;&quot;,&quot;exclude_post&quot;:&quot;&quot;,&quot;include_category&quot;:&quot;74&quot;,&quot;exclude_category&quot;:&quot;&quot;,&quot;include_author&quot;:&quot;&quot;,&quot;include_tag&quot;:&quot;&quot;,&quot;exclude_tag&quot;:&quot;&quot;,&quot;sort_by&quot;:&quot;alphabet_asc&quot;,&quot;pagination_mode&quot;:&quot;disable&quot;,&quot;pagination_loadmore_text&quot;:&quot;Load More&quot;,&quot;pagination_loading_text&quot;:&quot;Loading...&quot;,&quot;pagination_number_post&quot;:{&quot;unit&quot;:&quot;px&quot;,&quot;size&quot;:3,&quot;sizes&quot;:[]},&quot;pagination_scroll_limit&quot;:0,&quot;pagination_icon&quot;:{&quot;value&quot;:&quot;&quot;,&quot;library&quot;:&quot;&quot;},&quot;pagination_icon_position&quot;:&quot;before&quot;,&quot;sg_content_layout&quot;:&quot;vertical&quot;,&quot;sg_content_image_enable&quot;:0,&quot;sg_content_background_image_enable&quot;:0,&quot;sg_content_icon_enable&quot;:&quot;yes&quot;,&quot;sg_content_icon&quot;:{&quot;value&quot;:&quot;fas fa-circle&quot;,&quot;library&quot;:&quot;fa-solid&quot;},&quot;sg_content_meta_enable&quot;:&quot;&quot;,&quot;sg_content_meta_date_enable&quot;:&quot;&quot;,&quot;sg_content_meta_date_type&quot;:&quot;published&quot;,&quot;sg_content_meta_date_format&quot;:&quot;default&quot;,&quot;sg_content_meta_date_format_custom&quot;:&quot;F j, Y&quot;,&quot;sg_content_meta_date_icon&quot;:{&quot;value&quot;:&quot;fas fa-clock&quot;,&quot;library&quot;:&quot;fa-solid&quot;},&quot;sg_content_meta_category_enable&quot;:&quot;&quot;,&quot;sg_content_meta_category_icon&quot;:{&quot;value&quot;:&quot;fas fa-tag&quot;,&quot;library&quot;:&quot;fa-solid&quot;},&quot;sg_content_meta_position&quot;:&quot;bottom&quot;,&quot;sg_content_image_size_imagesize_size&quot;:&quot;large&quot;,&quot;paged&quot;:1,&quot;class&quot;:&quot;jkit_post_list&quot;}\"><div class=\"jkit-block-container\"><div class=\"jkit-posts jkit-ajax-flag\">\n            <article class=\"jkit-post post-list-item\">\n                <a href=\"https:\/\/spd.rs\/en\/reka-bacevacka\/\" >\n                    <span class=\"icon-list\"><svg aria-hidden=\"true\" class=\"e-font-icon-svg e-fas-circle\" viewbox=\"0 0 512 512\" xmlns=\"http:\/\/www.w3.org\/2000\/svg\"><path d=\"M256 8C119 8 8 119 8 256s111 248 248 248 248-111 248-248S393 8 256 8z\"><\/path><\/svg><\/span>\n                    <div class=\"jkit-postlist-content\"><span class=\"jkit-postlist-title\">Ba\u0107eva\u010dka reka<\/span><\/div>\n                <\/a>\n            <\/article><article class=\"jkit-post post-list-item\">\n                <a href=\"https:\/\/spd.rs\/en\/reka-barajevska\/\" >\n                    <span class=\"icon-list\"><svg aria-hidden=\"true\" class=\"e-font-icon-svg e-fas-circle\" viewbox=\"0 0 512 512\" xmlns=\"http:\/\/www.w3.org\/2000\/svg\"><path d=\"M256 8C119 8 8 119 8 256s111 248 248 248 248-111 248-248S393 8 256 8z\"><\/path><\/svg><\/span>\n                    <div class=\"jkit-postlist-content\"><span class=\"jkit-postlist-title\">Barajevska reka<\/span><\/div>\n                <\/a>\n            <\/article><article class=\"jkit-post post-list-item\">\n                <a href=\"https:\/\/spd.rs\/en\/reka-beljanica\/\" >\n                    <span class=\"icon-list\"><svg aria-hidden=\"true\" class=\"e-font-icon-svg e-fas-circle\" viewbox=\"0 0 512 512\" xmlns=\"http:\/\/www.w3.org\/2000\/svg\"><path d=\"M256 8C119 8 8 119 8 256s111 248 248 248 248-111 248-248S393 8 256 8z\"><\/path><\/svg><\/span>\n                    <div class=\"jkit-postlist-content\"><span class=\"jkit-postlist-title\">Beljanica<\/span><\/div>\n                <\/a>\n            <\/article><article class=\"jkit-post post-list-item\">\n                <a href=\"https:\/\/spd.rs\/en\/reka-bolecica\/\" >\n                    <span class=\"icon-list\"><svg aria-hidden=\"true\" class=\"e-font-icon-svg e-fas-circle\" viewbox=\"0 0 512 512\" xmlns=\"http:\/\/www.w3.org\/2000\/svg\"><path d=\"M256 8C119 8 8 119 8 256s111 248 248 248 248-111 248-248S393 8 256 8z\"><\/path><\/svg><\/span>\n                    <div class=\"jkit-postlist-content\"><span class=\"jkit-postlist-title\">Bole\u010dica<\/span><\/div>\n                <\/a>\n            <\/article><article class=\"jkit-post post-list-item\">\n                <a href=\"https:\/\/spd.rs\/en\/reka-dunav\/\" >\n                    <span class=\"icon-list\"><svg aria-hidden=\"true\" class=\"e-font-icon-svg e-fas-circle\" viewbox=\"0 0 512 512\" xmlns=\"http:\/\/www.w3.org\/2000\/svg\"><path d=\"M256 8C119 8 8 119 8 256s111 248 248 248 248-111 248-248S393 8 256 8z\"><\/path><\/svg><\/span>\n                    <div class=\"jkit-postlist-content\"><span class=\"jkit-postlist-title\">Dunav<\/span><\/div>\n                <\/a>\n            <\/article><article class=\"jkit-post post-list-item\">\n                <a href=\"https:\/\/spd.rs\/en\/reka-grocica\/\" >\n                    <span class=\"icon-list\"><svg aria-hidden=\"true\" class=\"e-font-icon-svg e-fas-circle\" viewbox=\"0 0 512 512\" xmlns=\"http:\/\/www.w3.org\/2000\/svg\"><path d=\"M256 8C119 8 8 119 8 256s111 248 248 248 248-111 248-248S393 8 256 8z\"><\/path><\/svg><\/span>\n                    <div class=\"jkit-postlist-content\"><span class=\"jkit-postlist-title\">Gro\u010dica<\/span><\/div>\n                <\/a>\n            <\/article><article class=\"jkit-post post-list-item\">\n                <a href=\"https:\/\/spd.rs\/en\/grocica-reka\/\" >\n                    <span class=\"icon-list\"><svg aria-hidden=\"true\" class=\"e-font-icon-svg e-fas-circle\" viewbox=\"0 0 512 512\" xmlns=\"http:\/\/www.w3.org\/2000\/svg\"><path d=\"M256 8C119 8 8 119 8 256s111 248 248 248 248-111 248-248S393 8 256 8z\"><\/path><\/svg><\/span>\n                    <div class=\"jkit-postlist-content\"><span class=\"jkit-postlist-title\">Gro\u010dica<\/span><\/div>\n                <\/a>\n            <\/article><article class=\"jkit-post post-list-item\">\n                <a href=\"https:\/\/spd.rs\/en\/reka-guncatska\/\" >\n                    <span class=\"icon-list\"><svg aria-hidden=\"true\" class=\"e-font-icon-svg e-fas-circle\" viewbox=\"0 0 512 512\" xmlns=\"http:\/\/www.w3.org\/2000\/svg\"><path d=\"M256 8C119 8 8 119 8 256s111 248 248 248 248-111 248-248S393 8 256 8z\"><\/path><\/svg><\/span>\n                    <div class=\"jkit-postlist-content\"><span class=\"jkit-postlist-title\">Guncatska reka<\/span><\/div>\n                <\/a>\n            <\/article><article class=\"jkit-post post-list-item\">\n                <a href=\"https:\/\/spd.rs\/en\/reka-kolubara\/\" >\n                    <span class=\"icon-list\"><svg aria-hidden=\"true\" class=\"e-font-icon-svg e-fas-circle\" viewbox=\"0 0 512 512\" xmlns=\"http:\/\/www.w3.org\/2000\/svg\"><path d=\"M256 8C119 8 8 119 8 256s111 248 248 248 248-111 248-248S393 8 256 8z\"><\/path><\/svg><\/span>\n                    <div class=\"jkit-postlist-content\"><span class=\"jkit-postlist-title\">Kolubara<\/span><\/div>\n                <\/a>\n            <\/article><article class=\"jkit-post post-list-item\">\n                <a href=\"https:\/\/spd.rs\/en\/reka-ljig\/\" >\n                    <span class=\"icon-list\"><svg aria-hidden=\"true\" class=\"e-font-icon-svg e-fas-circle\" viewbox=\"0 0 512 512\" xmlns=\"http:\/\/www.w3.org\/2000\/svg\"><path d=\"M256 8C119 8 8 119 8 256s111 248 248 248 248-111 248-248S393 8 256 8z\"><\/path><\/svg><\/span>\n                    <div class=\"jkit-postlist-content\"><span class=\"jkit-postlist-title\">Ljig<\/span><\/div>\n                <\/a>\n            <\/article><article class=\"jkit-post post-list-item\">\n                <a href=\"https:\/\/spd.rs\/en\/reka-pestan\/\" >\n                    <span class=\"icon-list\"><svg aria-hidden=\"true\" class=\"e-font-icon-svg e-fas-circle\" viewbox=\"0 0 512 512\" xmlns=\"http:\/\/www.w3.org\/2000\/svg\"><path d=\"M256 8C119 8 8 119 8 256s111 248 248 248 248-111 248-248S393 8 256 8z\"><\/path><\/svg><\/span>\n                    <div class=\"jkit-postlist-content\"><span class=\"jkit-postlist-title\">Pe\u0161tan<\/span><\/div>\n                <\/a>\n            <\/article><article class=\"jkit-post post-list-item\">\n                <a href=\"https:\/\/spd.rs\/en\/reka-ralja\/\" >\n                    <span class=\"icon-list\"><svg aria-hidden=\"true\" class=\"e-font-icon-svg e-fas-circle\" viewbox=\"0 0 512 512\" xmlns=\"http:\/\/www.w3.org\/2000\/svg\"><path d=\"M256 8C119 8 8 119 8 256s111 248 248 248 248-111 248-248S393 8 256 8z\"><\/path><\/svg><\/span>\n                    <div class=\"jkit-postlist-content\"><span class=\"jkit-postlist-title\">Ralja<\/span><\/div>\n                <\/a>\n            <\/article><article class=\"jkit-post post-list-item\">\n                <a href=\"https:\/\/spd.rs\/en\/reka-sava\/\" >\n                    <span class=\"icon-list\"><svg aria-hidden=\"true\" class=\"e-font-icon-svg e-fas-circle\" viewbox=\"0 0 512 512\" xmlns=\"http:\/\/www.w3.org\/2000\/svg\"><path d=\"M256 8C119 8 8 119 8 256s111 248 248 248 248-111 248-248S393 8 256 8z\"><\/path><\/svg><\/span>\n                    <div class=\"jkit-postlist-content\"><span class=\"jkit-postlist-title\">Sava<\/span><\/div>\n                <\/a>\n            <\/article><article class=\"jkit-post post-list-item\">\n                <a href=\"https:\/\/spd.rs\/en\/reka-tamis\/\" >\n                    <span class=\"icon-list\"><svg aria-hidden=\"true\" class=\"e-font-icon-svg e-fas-circle\" viewbox=\"0 0 512 512\" xmlns=\"http:\/\/www.w3.org\/2000\/svg\"><path d=\"M256 8C119 8 8 119 8 256s111 248 248 248 248-111 248-248S393 8 256 8z\"><\/path><\/svg><\/span>\n                    <div class=\"jkit-postlist-content\"><span class=\"jkit-postlist-title\">Tami\u0161<\/span><\/div>\n                <\/a>\n            <\/article><article class=\"jkit-post post-list-item\">\n                <a href=\"https:\/\/spd.rs\/en\/reka-tamnava\/\" >\n                    <span class=\"icon-list\"><svg aria-hidden=\"true\" class=\"e-font-icon-svg e-fas-circle\" viewbox=\"0 0 512 512\" xmlns=\"http:\/\/www.w3.org\/2000\/svg\"><path d=\"M256 8C119 8 8 119 8 256s111 248 248 248 248-111 248-248S393 8 256 8z\"><\/path><\/svg><\/span>\n                    <div class=\"jkit-postlist-content\"><span class=\"jkit-postlist-title\">Tamnava<\/span><\/div>\n                <\/a>\n            <\/article><article class=\"jkit-post post-list-item\">\n                <a href=\"https:\/\/spd.rs\/en\/reka-topciderska\/\" >\n                    <span class=\"icon-list\"><svg aria-hidden=\"true\" class=\"e-font-icon-svg e-fas-circle\" viewbox=\"0 0 512 512\" xmlns=\"http:\/\/www.w3.org\/2000\/svg\"><path d=\"M256 8C119 8 8 119 8 256s111 248 248 248 248-111 248-248S393 8 256 8z\"><\/path><\/svg><\/span>\n                    <div class=\"jkit-postlist-content\"><span class=\"jkit-postlist-title\">Top\u010diderska reka<\/span><\/div>\n                <\/a>\n            <\/article><article class=\"jkit-post post-list-item\">\n                <a href=\"https:\/\/spd.rs\/en\/reka-turija\/\" >\n                    <span class=\"icon-list\"><svg aria-hidden=\"true\" class=\"e-font-icon-svg e-fas-circle\" viewbox=\"0 0 512 512\" xmlns=\"http:\/\/www.w3.org\/2000\/svg\"><path d=\"M256 8C119 8 8 119 8 256s111 248 248 248 248-111 248-248S393 8 256 8z\"><\/path><\/svg><\/span>\n                    <div class=\"jkit-postlist-content\"><span class=\"jkit-postlist-title\">Turija<\/span><\/div>\n                <\/a>\n            <\/article><article class=\"jkit-post post-list-item\">\n                <a href=\"https:\/\/spd.rs\/en\/reka-veliki-lug\/\" >\n                    <span class=\"icon-list\"><svg aria-hidden=\"true\" class=\"e-font-icon-svg e-fas-circle\" viewbox=\"0 0 512 512\" xmlns=\"http:\/\/www.w3.org\/2000\/svg\"><path d=\"M256 8C119 8 8 119 8 256s111 248 248 248 248-111 248-248S393 8 256 8z\"><\/path><\/svg><\/span>\n                    <div class=\"jkit-postlist-content\"><span class=\"jkit-postlist-title\">Veliki Lug<\/span><\/div>\n                <\/a>\n            <\/article><article class=\"jkit-post post-list-item\">\n                <a href=\"https:\/\/spd.rs\/en\/reka-vukodraz\/\" >\n                    <span class=\"icon-list\"><svg aria-hidden=\"true\" class=\"e-font-icon-svg e-fas-circle\" viewbox=\"0 0 512 512\" xmlns=\"http:\/\/www.w3.org\/2000\/svg\"><path d=\"M256 8C119 8 8 119 8 256s111 248 248 248 248-111 248-248S393 8 256 8z\"><\/path><\/svg><\/span>\n                    <div class=\"jkit-postlist-content\"><span class=\"jkit-postlist-title\">Vukodra\u017e<\/span><\/div>\n                <\/a>\n            <\/article><article class=\"jkit-post post-list-item\">\n                <a href=\"https:\/\/spd.rs\/en\/reka-zavojska\/\" >\n                    <span class=\"icon-list\"><svg aria-hidden=\"true\" class=\"e-font-icon-svg e-fas-circle\" viewbox=\"0 0 512 512\" xmlns=\"http:\/\/www.w3.org\/2000\/svg\"><path d=\"M256 8C119 8 8 119 8 256s111 248 248 248 248-111 248-248S393 8 256 8z\"><\/path><\/svg><\/span>\n                    <div class=\"jkit-postlist-content\"><span class=\"jkit-postlist-title\">Zavojska reka<\/span><\/div>\n                <\/a>\n            <\/article>\n        <\/div><\/div><\/div>\t\t\t\t<\/div>\n\t\t\t\t<\/div>\n\t\t\t\t\t<\/div>\n\t\t\t\t<\/div>\n\t\t\t\t<\/div>","protected":false},"excerpt":{"rendered":"<p>Reke Srbije Abecedna lista reka Srbije Ba\u0107eva\u010dka reka Barajevska reka Beljanica Bole\u010dica Dunav Gro\u010dica Guncatska reka Kolubara Ljig Pe\u0161tan Ralja Sava Tami\u0161 Tamnava Top\u010diderska reka Turija Veliki Lug Vukodra\u017e Zavojska reka<\/p>","protected":false},"author":1,"featured_media":0,"parent":0,"menu_order":0,"comment_status":"closed","ping_status":"closed","template":"","meta":{"site-sidebar-layout":"no-sidebar","site-content-layout":"page-builder","ast-site-content-layout":"full-width-container","site-content-style":"unboxed","site-sidebar-style":"unboxed","ast-global-header-display":"","ast-banner-title-visibility":"","ast-main-header-display":"","ast-hfb-above-header-display":"","ast-hfb-below-header-display":"","ast-hfb-mobile-header-display":"","site-post-title":"disabled","ast-breadcrumbs-content":"","ast-featured-img":"disabled","footer-sml-layout":"","theme-transparent-header-meta":"enabled","adv-header-id-meta":"","stick-header-meta":"","header-above-stick-meta":"","header-main-stick-meta":"","header-below-stick-meta":"","astra-migrate-meta-layouts":"set","ast-page-background-enabled":"default","ast-page-background-meta":{"desktop":{"background-color":"","background-image":"","background-repeat":"repeat","background-position":"center center","background-size":"auto","background-attachment":"scroll","background-type":"","background-media":"","overlay-type":"","overlay-color":"","overlay-opacity":"","overlay-gradient":""},"tablet":{"background-color":"","background-image":"","background-repeat":"repeat","background-position":"center center","background-size":"auto","background-attachment":"scroll","background-type":"","background-media":"","overlay-type":"","overlay-color":"","overlay-opacity":"","overlay-gradient":""},"mobile":{"background-color":"","background-image":"","background-repeat":"repeat","background-position":"center center","background-size":"auto","background-attachment":"scroll","background-type":"","background-media":"","overlay-type":"","overlay-color":"","overlay-opacity":"","overlay-gradient":""}},"ast-content-background-meta":{"desktop":{"background-color":"var(--ast-global-color-5)","background-image":"","background-repeat":"repeat","background-position":"center center","background-size":"auto","background-attachment":"scroll","background-type":"","background-media":"","overlay-type":"","overlay-color":"","overlay-opacity":"","overlay-gradient":""},"tablet":{"background-color":"var(--ast-global-color-5)","background-image":"","background-repeat":"repeat","background-position":"center center","background-size":"auto","background-attachment":"scroll","background-type":"","background-media":"","overlay-type":"","overlay-color":"","overlay-opacity":"","overlay-gradient":""},"mobile":{"background-color":"var(--ast-global-color-5)","background-image":"","background-repeat":"repeat","background-position":"center center","background-size":"auto","background-attachment":"scroll","background-type":"","background-media":"","overlay-type":"","overlay-color":"","overlay-opacity":"","overlay-gradient":""}},"footnotes":""},"class_list":["post-2768","page","type-page","status-publish","hentry"],"_links":{"self":[{"href":"https:\/\/spd.rs\/en\/wp-json\/wp\/v2\/pages\/2768","targetHints":{"allow":["GET"]}}],"collection":[{"href":"https:\/\/spd.rs\/en\/wp-json\/wp\/v2\/pages"}],"about":[{"href":"https:\/\/spd.rs\/en\/wp-json\/wp\/v2\/types\/page"}],"author":[{"embeddable":true,"href":"https:\/\/spd.rs\/en\/wp-json\/wp\/v2\/users\/1"}],"replies":[{"embeddable":true,"href":"https:\/\/spd.rs\/en\/wp-json\/wp\/v2\/comments?post=2768"}],"version-history":[{"count":22,"href":"https:\/\/spd.rs\/en\/wp-json\/wp\/v2\/pages\/2768\/revisions"}],"predecessor-version":[{"id":7202,"href":"https:\/\/spd.rs\/en\/wp-json\/wp\/v2\/pages\/2768\/revisions\/7202"}],"wp:attachment":[{"href":"https:\/\/spd.rs\/en\/wp-json\/wp\/v2\/media?parent=2768"}],"curies":[{"name":"wp","href":"https:\/\/api.w.org\/{rel}","templated":true}]}}